{"id":159,"date":"2025-07-16T17:19:25","date_gmt":"2025-07-16T17:19:25","guid":{"rendered":"https:\/\/henca-caravan.de\/?page_id=159"},"modified":"2026-03-30T08:48:10","modified_gmt":"2026-03-30T08:48:10","slug":"uber-uns","status":"publish","type":"page","link":"https:\/\/henca-caravan.de\/?page_id=159","title":{"rendered":"\u00dcber uns"},"content":{"rendered":"\t\t<div data-elementor-type=\"wp-page\" data-elementor-id=\"159\" class=\"elementor elementor-159\">\n\t\t\t\t\t\t<section class=\"elementor-section elementor-top-section elementor-element elementor-element-n28xay0 elementor-section-content-middle elementor-section-boxed elementor-section-height-default elementor-section-height-default\" data-id=\"n28xay0\" data-element_type=\"section\" data-e-type=\"section\" data-settings=\"{&quot;background_background&quot;:&quot;classic&quot;}\">\n\t\t\t\t\t\t\t<div class=\"elementor-background-overlay\"><\/div>\n\t\t\t\t\t\t\t<div class=\"elementor-container elementor-column-gap-no\">\n\t\t\t\t\t<div class=\"elementor-column elementor-col-50 elementor-top-column elementor-element elementor-element-e27c099\" data-id=\"e27c099\" data-element_type=\"column\" data-e-type=\"column\" data-settings=\"{&quot;background_background&quot;:&quot;classic&quot;}\">\n\t\t\t<div class=\"elementor-widget-wrap elementor-element-populated\">\n\t\t\t\t\t<div class=\"elementor-background-overlay\"><\/div>\n\t\t\t\t\t\t<div class=\"elementor-element elementor-element-91786df elementor-widget elementor-widget-image\" data-id=\"91786df\" data-element_type=\"widget\" data-e-type=\"widget\" data-widget_type=\"image.default\">\n\t\t\t\t\t\t\t\t\t\t\t\t\t\t\t<img fetchpriority=\"high\" decoding=\"async\" width=\"2400\" height=\"2400\" src=\"https:\/\/henca-caravan.de\/wp-content\/uploads\/2025\/07\/2-1.jpg\" class=\"attachment-full size-full wp-image-284\" alt=\"\" \/>\t\t\t\t\t\t\t\t\t\t\t\t\t\t\t<\/div>\n\t\t\t\t\t<\/div>\n\t\t<\/div>\n\t\t\t\t<div class=\"elementor-column elementor-col-50 elementor-top-column elementor-element elementor-element-4267346\" data-id=\"4267346\" data-element_type=\"column\" data-e-type=\"column\" data-settings=\"{&quot;background_background&quot;:&quot;classic&quot;}\">\n\t\t\t<div class=\"elementor-widget-wrap elementor-element-populated\">\n\t\t\t\t\t\t<div class=\"elementor-element elementor-element-2ab885f elementor-widget elementor-widget-heading\" data-id=\"2ab885f\" data-element_type=\"widget\" data-e-type=\"widget\" data-widget_type=\"heading.default\">\n\t\t\t\t\t<h2 class=\"elementor-heading-title elementor-size-default\">\u00dcber uns<\/h2>\t\t\t\t<\/div>\n\t\t\t\t<div class=\"elementor-element elementor-element-dfb7379 elementor-widget elementor-widget-heading\" data-id=\"dfb7379\" data-element_type=\"widget\" data-e-type=\"widget\" data-widget_type=\"heading.default\">\n\t\t\t\t\t<h5 class=\"elementor-heading-title elementor-size-default\">Herzlich willkommen bei der HENCA GmbH \u2013 Ihrem Caravan-Fachhandel mit Herz und Verstand<\/h5>\t\t\t\t<\/div>\n\t\t\t\t<div class=\"elementor-element elementor-element-7973b42 elementor-widget elementor-widget-text-editor\" data-id=\"7973b42\" data-element_type=\"widget\" data-e-type=\"widget\" data-widget_type=\"text-editor.default\">\n\t\t\t\t\t\t\t\t\t<p><span dir=\"auto\" style=\"vertical-align: inherit;\"><span dir=\"auto\" style=\"vertical-align: inherit;\">Wir \u2013 das sind mein Mann, und ich \u2013 haben unsere Leidenschaft f\u00fcrs Camping und Reisen zum Beruf gemacht. Seit einigen Jahren beraten wir unsere Kunden mit viel Erfahrung, ehrlicher Begeisterung und einem offenen Ohr rund um das Thema Camping.<\/span><\/span><\/p><p><span dir=\"auto\" style=\"vertical-align: inherit;\"><span dir=\"auto\" style=\"vertical-align: inherit;\">Ob Sie gerade erst vom Campingfieber gepackt wurden oder schon lange unterwegs sind \u2013 bei uns finden Sie nicht nur neue und gebrauchte Fahrzeuge in Top-Zustand, sondern auch den pers\u00f6nlichen Service, der den Unterschied macht. Kein Verkaufs-Blabla, sondern ehrliche Beratung, individuelle L\u00f6sungen und ein Team das wirklich f\u00fcr Sie da ist.<\/span><\/span><\/p>\t\t\t\t\t\t\t\t<\/div>\n\t\t\t\t\t<\/div>\n\t\t<\/div>\n\t\t\t\t\t<\/div>\n\t\t<\/section>\n\t\t\t\t<\/div>\n\t\t","protected":false},"excerpt":{"rendered":"<p>\u00dcber uns Herzlich willkommen bei der HENCA GmbH \u2013 Ihrem Caravan-Fachhandel mit Herz und Verstand Wir \u2013 das sind mein [&hellip;]<\/p>\n","protected":false},"author":1,"featured_media":0,"parent":0,"menu_order":0,"comment_status":"closed","ping_status":"closed","template":"","meta":{"site-sidebar-layout":"no-sidebar","site-content-layout":"","ast-site-content-layout":"full-width-container","site-content-style":"default","site-sidebar-style":"default","ast-global-header-display":"","ast-banner-title-visibility":"","ast-main-header-display":"","ast-hfb-above-header-display":"","ast-hfb-below-header-display":"","ast-hfb-mobile-header-display":"","site-post-title":"disabled","ast-breadcrumbs-content":"","ast-featured-img":"disabled","footer-sml-layout":"","ast-disable-related-posts":"","theme-transparent-header-meta":"","adv-header-id-meta":"","stick-header-meta":"","header-above-stick-meta":"","header-main-stick-meta":"","header-below-stick-meta":"","astra-migrate-meta-layouts":"default","ast-page-background-enabled":"default","ast-page-background-meta":{"desktop":{"background-color":"var(--ast-global-color-5)","background-image":"","background-repeat":"repeat","background-position":"center center","background-size":"auto","background-attachment":"scroll","background-type":"","background-media":"","overlay-type":"","overlay-color":"","overlay-opacity":"","overlay-gradient":""},"tablet":{"background-color":"","background-image":"","background-repeat":"repeat","background-position":"center center","background-size":"auto","background-attachment":"scroll","background-type":"","background-media":"","overlay-type":"","overlay-color":"","overlay-opacity":"","overlay-gradient":""},"mobile":{"background-color":"","background-image":"","background-repeat":"repeat","background-position":"center center","background-size":"auto","background-attachment":"scroll","background-type":"","background-media":"","overlay-type":"","overlay-color":"","overlay-opacity":"","overlay-gradient":""}},"ast-content-background-meta":{"desktop":{"background-color":"var(--ast-global-color-4)","background-image":"","background-repeat":"repeat","background-position":"center center","background-size":"auto","background-attachment":"scroll","background-type":"","background-media":"","overlay-type":"","overlay-color":"","overlay-opacity":"","overlay-gradient":""},"tablet":{"background-color":"var(--ast-global-color-4)","background-image":"","background-repeat":"repeat","background-position":"center center","background-size":"auto","background-attachment":"scroll","background-type":"","background-media":"","overlay-type":"","overlay-color":"","overlay-opacity":"","overlay-gradient":""},"mobile":{"background-color":"var(--ast-global-color-4)","background-image":"","background-repeat":"repeat","background-position":"center center","background-size":"auto","background-attachment":"scroll","background-type":"","background-media":"","overlay-type":"","overlay-color":"","overlay-opacity":"","overlay-gradient":""}},"footnotes":""},"class_list":["post-159","page","type-page","status-publish","hentry"],"yoast_head":"<!-- This site is optimized with the Yoast SEO plugin v27.3 - https:\/\/yoast.com\/product\/yoast-seo-wordpress\/ -->\n<title>\u00dcber uns - Henca Caravan de<\/title>\n<meta name=\"robots\" content=\"index, follow, max-snippet:-1, max-image-preview:large, max-video-preview:-1\" \/>\n<link rel=\"canonical\" href=\"https:\/\/henca-caravan.de\/?page_id=159\" \/>\n<meta property=\"og:locale\" content=\"en_GB\" \/>\n<meta property=\"og:type\" content=\"article\" \/>\n<meta property=\"og:title\" content=\"\u00dcber uns - Henca Caravan de\" \/>\n<meta property=\"og:description\" content=\"\u00dcber uns Herzlich willkommen bei der HENCA GmbH \u2013 Ihrem Caravan-Fachhandel mit Herz und Verstand Wir \u2013 das sind mein [&hellip;]\" \/>\n<meta property=\"og:url\" content=\"https:\/\/henca-caravan.de\/?page_id=159\" \/>\n<meta property=\"og:site_name\" content=\"Henca Caravan de\" \/>\n<meta property=\"article:modified_time\" content=\"2026-03-30T08:48:10+00:00\" \/>\n<meta property=\"og:image\" content=\"https:\/\/henca-caravan.de\/wp-content\/uploads\/2025\/07\/2-1.jpg\" \/>\n\t<meta property=\"og:image:width\" content=\"1024\" \/>\n\t<meta property=\"og:image:height\" content=\"1024\" \/>\n\t<meta property=\"og:image:type\" content=\"image\/jpeg\" \/>\n<meta name=\"twitter:card\" content=\"summary_large_image\" \/>\n<meta name=\"twitter:label1\" content=\"Estimated reading time\" \/>\n\t<meta name=\"twitter:data1\" content=\"1 minute\" \/>\n<script type=\"application\/ld+json\" class=\"yoast-schema-graph\">{\"@context\":\"https:\\\/\\\/schema.org\",\"@graph\":[{\"@type\":\"WebPage\",\"@id\":\"https:\\\/\\\/henca-caravan.de\\\/?page_id=159\",\"url\":\"https:\\\/\\\/henca-caravan.de\\\/?page_id=159\",\"name\":\"\u00dcber uns - Henca Caravan de\",\"isPartOf\":{\"@id\":\"https:\\\/\\\/henca-caravan.de\\\/#website\"},\"primaryImageOfPage\":{\"@id\":\"https:\\\/\\\/henca-caravan.de\\\/?page_id=159#primaryimage\"},\"image\":{\"@id\":\"https:\\\/\\\/henca-caravan.de\\\/?page_id=159#primaryimage\"},\"thumbnailUrl\":\"https:\\\/\\\/henca-caravan.de\\\/wp-content\\\/uploads\\\/2025\\\/07\\\/2-1.jpg\",\"datePublished\":\"2025-07-16T17:19:25+00:00\",\"dateModified\":\"2026-03-30T08:48:10+00:00\",\"breadcrumb\":{\"@id\":\"https:\\\/\\\/henca-caravan.de\\\/?page_id=159#breadcrumb\"},\"inLanguage\":\"en-GB\",\"potentialAction\":[{\"@type\":\"ReadAction\",\"target\":[\"https:\\\/\\\/henca-caravan.de\\\/?page_id=159\"]}]},{\"@type\":\"ImageObject\",\"inLanguage\":\"en-GB\",\"@id\":\"https:\\\/\\\/henca-caravan.de\\\/?page_id=159#primaryimage\",\"url\":\"https:\\\/\\\/henca-caravan.de\\\/wp-content\\\/uploads\\\/2025\\\/07\\\/2-1.jpg\",\"contentUrl\":\"https:\\\/\\\/henca-caravan.de\\\/wp-content\\\/uploads\\\/2025\\\/07\\\/2-1.jpg\",\"width\":2400,\"height\":2400},{\"@type\":\"BreadcrumbList\",\"@id\":\"https:\\\/\\\/henca-caravan.de\\\/?page_id=159#breadcrumb\",\"itemListElement\":[{\"@type\":\"ListItem\",\"position\":1,\"name\":\"Home\",\"item\":\"https:\\\/\\\/henca-caravan.de\\\/\"},{\"@type\":\"ListItem\",\"position\":2,\"name\":\"\u00dcber uns\"}]},{\"@type\":\"WebSite\",\"@id\":\"https:\\\/\\\/henca-caravan.de\\\/#website\",\"url\":\"https:\\\/\\\/henca-caravan.de\\\/\",\"name\":\"Henca GmbH\",\"description\":\"\",\"publisher\":{\"@id\":\"https:\\\/\\\/henca-caravan.de\\\/#organization\"},\"potentialAction\":[{\"@type\":\"SearchAction\",\"target\":{\"@type\":\"EntryPoint\",\"urlTemplate\":\"https:\\\/\\\/henca-caravan.de\\\/?s={search_term_string}\"},\"query-input\":{\"@type\":\"PropertyValueSpecification\",\"valueRequired\":true,\"valueName\":\"search_term_string\"}}],\"inLanguage\":\"en-GB\"},{\"@type\":\"Organization\",\"@id\":\"https:\\\/\\\/henca-caravan.de\\\/#organization\",\"name\":\"Henca GmbH\",\"alternateName\":\"Henca Caravan\",\"url\":\"https:\\\/\\\/henca-caravan.de\\\/\",\"logo\":{\"@type\":\"ImageObject\",\"inLanguage\":\"en-GB\",\"@id\":\"https:\\\/\\\/henca-caravan.de\\\/#\\\/schema\\\/logo\\\/image\\\/\",\"url\":\"https:\\\/\\\/henca-caravan.de\\\/wp-content\\\/uploads\\\/2025\\\/08\\\/Ikon-Orange.png\",\"contentUrl\":\"https:\\\/\\\/henca-caravan.de\\\/wp-content\\\/uploads\\\/2025\\\/08\\\/Ikon-Orange.png\",\"width\":1200,\"height\":1200,\"caption\":\"Henca GmbH\"},\"image\":{\"@id\":\"https:\\\/\\\/henca-caravan.de\\\/#\\\/schema\\\/logo\\\/image\\\/\"}}]}<\/script>\n<!-- \/ Yoast SEO plugin. -->","yoast_head_json":{"title":"\u00dcber uns - Henca Caravan de","robots":{"index":"index","follow":"follow","max-snippet":"max-snippet:-1","max-image-preview":"max-image-preview:large","max-video-preview":"max-video-preview:-1"},"canonical":"https:\/\/henca-caravan.de\/?page_id=159","og_locale":"en_GB","og_type":"article","og_title":"\u00dcber uns - Henca Caravan de","og_description":"\u00dcber uns Herzlich willkommen bei der HENCA GmbH \u2013 Ihrem Caravan-Fachhandel mit Herz und Verstand Wir \u2013 das sind mein [&hellip;]","og_url":"https:\/\/henca-caravan.de\/?page_id=159","og_site_name":"Henca Caravan de","article_modified_time":"2026-03-30T08:48:10+00:00","og_image":[{"url":"https:\/\/henca-caravan.de\/wp-content\/uploads\/2025\/07\/2-1.jpg","width":1024,"height":1024,"type":"image\/jpeg"}],"twitter_card":"summary_large_image","twitter_misc":{"Estimated reading time":"1 minute"},"schema":{"@context":"https:\/\/schema.org","@graph":[{"@type":"WebPage","@id":"https:\/\/henca-caravan.de\/?page_id=159","url":"https:\/\/henca-caravan.de\/?page_id=159","name":"\u00dcber uns - Henca Caravan de","isPartOf":{"@id":"https:\/\/henca-caravan.de\/#website"},"primaryImageOfPage":{"@id":"https:\/\/henca-caravan.de\/?page_id=159#primaryimage"},"image":{"@id":"https:\/\/henca-caravan.de\/?page_id=159#primaryimage"},"thumbnailUrl":"https:\/\/henca-caravan.de\/wp-content\/uploads\/2025\/07\/2-1.jpg","datePublished":"2025-07-16T17:19:25+00:00","dateModified":"2026-03-30T08:48:10+00:00","breadcrumb":{"@id":"https:\/\/henca-caravan.de\/?page_id=159#breadcrumb"},"inLanguage":"en-GB","potentialAction":[{"@type":"ReadAction","target":["https:\/\/henca-caravan.de\/?page_id=159"]}]},{"@type":"ImageObject","inLanguage":"en-GB","@id":"https:\/\/henca-caravan.de\/?page_id=159#primaryimage","url":"https:\/\/henca-caravan.de\/wp-content\/uploads\/2025\/07\/2-1.jpg","contentUrl":"https:\/\/henca-caravan.de\/wp-content\/uploads\/2025\/07\/2-1.jpg","width":2400,"height":2400},{"@type":"BreadcrumbList","@id":"https:\/\/henca-caravan.de\/?page_id=159#breadcrumb","itemListElement":[{"@type":"ListItem","position":1,"name":"Home","item":"https:\/\/henca-caravan.de\/"},{"@type":"ListItem","position":2,"name":"\u00dcber uns"}]},{"@type":"WebSite","@id":"https:\/\/henca-caravan.de\/#website","url":"https:\/\/henca-caravan.de\/","name":"Henca GmbH","description":"","publisher":{"@id":"https:\/\/henca-caravan.de\/#organization"},"potentialAction":[{"@type":"SearchAction","target":{"@type":"EntryPoint","urlTemplate":"https:\/\/henca-caravan.de\/?s={search_term_string}"},"query-input":{"@type":"PropertyValueSpecification","valueRequired":true,"valueName":"search_term_string"}}],"inLanguage":"en-GB"},{"@type":"Organization","@id":"https:\/\/henca-caravan.de\/#organization","name":"Henca GmbH","alternateName":"Henca Caravan","url":"https:\/\/henca-caravan.de\/","logo":{"@type":"ImageObject","inLanguage":"en-GB","@id":"https:\/\/henca-caravan.de\/#\/schema\/logo\/image\/","url":"https:\/\/henca-caravan.de\/wp-content\/uploads\/2025\/08\/Ikon-Orange.png","contentUrl":"https:\/\/henca-caravan.de\/wp-content\/uploads\/2025\/08\/Ikon-Orange.png","width":1200,"height":1200,"caption":"Henca GmbH"},"image":{"@id":"https:\/\/henca-caravan.de\/#\/schema\/logo\/image\/"}}]}},"_links":{"self":[{"href":"https:\/\/henca-caravan.de\/index.php?rest_route=\/wp\/v2\/pages\/159","targetHints":{"allow":["GET"]}}],"collection":[{"href":"https:\/\/henca-caravan.de\/index.php?rest_route=\/wp\/v2\/pages"}],"about":[{"href":"https:\/\/henca-caravan.de\/index.php?rest_route=\/wp\/v2\/types\/page"}],"author":[{"embeddable":true,"href":"https:\/\/henca-caravan.de\/index.php?rest_route=\/wp\/v2\/users\/1"}],"replies":[{"embeddable":true,"href":"https:\/\/henca-caravan.de\/index.php?rest_route=%2Fwp%2Fv2%2Fcomments&post=159"}],"version-history":[{"count":23,"href":"https:\/\/henca-caravan.de\/index.php?rest_route=\/wp\/v2\/pages\/159\/revisions"}],"predecessor-version":[{"id":896,"href":"https:\/\/henca-caravan.de\/index.php?rest_route=\/wp\/v2\/pages\/159\/revisions\/896"}],"wp:attachment":[{"href":"https:\/\/henca-caravan.de\/index.php?rest_route=%2Fwp%2Fv2%2Fmedia&parent=159"}],"curies":[{"name":"wp","href":"https:\/\/api.w.org\/{rel}","templated":true}]}}