{"id":201,"date":"2025-07-16T18:44:07","date_gmt":"2025-07-16T18:44:07","guid":{"rendered":"https:\/\/henca-caravan.de\/?page_id=201"},"modified":"2025-07-28T09:58:29","modified_gmt":"2025-07-28T09:58:29","slug":"elementor-201","status":"publish","type":"page","link":"https:\/\/henca-caravan.de\/?page_id=201","title":{"rendered":"ERSATZTAILE"},"content":{"rendered":"\t\t<div data-elementor-type=\"wp-page\" data-elementor-id=\"201\" class=\"elementor elementor-201\">\n\t\t\t\t\t\t<section class=\"elementor-section elementor-top-section elementor-element elementor-element-z3hp5jj elementor-section-boxed elementor-section-height-default elementor-section-height-default\" data-id=\"z3hp5jj\" data-element_type=\"section\" data-e-type=\"section\" data-settings=\"{&quot;background_background&quot;:&quot;classic&quot;}\">\n\t\t\t\t\t\t\t<div class=\"elementor-background-overlay\"><\/div>\n\t\t\t\t\t\t\t<div class=\"elementor-container elementor-column-gap-default\">\n\t\t\t\t\t<div class=\"elementor-column elementor-col-100 elementor-top-column elementor-element elementor-element-67dd6d7\" data-id=\"67dd6d7\" data-element_type=\"column\" data-e-type=\"column\">\n\t\t\t<div class=\"elementor-widget-wrap elementor-element-populated\">\n\t\t\t\t\t\t<div class=\"elementor-element elementor-element-6a111ca elementor-widget elementor-widget-image\" data-id=\"6a111ca\" data-element_type=\"widget\" data-e-type=\"widget\" data-widget_type=\"image.default\">\n\t\t\t\t\t\t\t\t\t\t\t\t\t\t\t<img decoding=\"async\" width=\"300\" height=\"143\" src=\"https:\/\/henca-caravan.de\/wp-content\/uploads\/2025\/07\/Asset-3-1.svg\" class=\"attachment-woocommerce_thumbnail size-woocommerce_thumbnail wp-image-493\" alt=\"\" \/>\t\t\t\t\t\t\t\t\t\t\t\t\t\t\t<\/div>\n\t\t\t\t<div class=\"elementor-element elementor-element-0ee78d1 elementor-widget elementor-widget-heading\" data-id=\"0ee78d1\" data-element_type=\"widget\" data-e-type=\"widget\" data-widget_type=\"heading.default\">\n\t\t\t\t\t<h4 class=\"elementor-heading-title elementor-size-default\">Sie m\u00f6chten oder m\u00fcssen etwas austauschen und ben\u00f6tigen daf\u00fcr ein Original-Ersatzteil.\nKein Problem, bitte f\u00fcllen Sie die unten stehenden Felder sorgsam aus \u2013 wir nehmen dann Kontakt mit Ihnen auf.\n<\/h4>\t\t\t\t<\/div>\n\t\t\t\t<div class=\"elementor-element elementor-element-d52ba09 elementor-widget elementor-widget-shortcode\" data-id=\"d52ba09\" data-element_type=\"widget\" data-e-type=\"widget\" data-widget_type=\"shortcode.default\">\n\t\t\t\t\t\t\t<div class=\"elementor-shortcode\"><div class=\"forminator-ui forminator-custom-form forminator-custom-form-294 forminator-design--flat  forminator_ajax\" data-forminator-render=\"0\" data-form=\"forminator-module-294\" data-uid=\"69da1d6026cfe\"><br\/><\/div><form\n\t\t\t\tid=\"forminator-module-294\"\n\t\t\t\tclass=\"forminator-ui forminator-custom-form forminator-custom-form-294 forminator-design--flat  forminator_ajax\"\n\t\t\t\tmethod=\"post\"\n\t\t\t\tdata-forminator-render=\"0\"\n\t\t\t\tdata-form-id=\"294\"\n\t\t\t\tenctype=\"multipart\/form-data\" data-color-option=\"default\" data-design=\"flat\" data-grid=\"open\" style=\"display: none;\"\n\t\t\t\tdata-uid=\"69da1d6026cfe\"\n\t\t\t><div role=\"alert\" aria-live=\"polite\" class=\"forminator-response-message forminator-error\" aria-hidden=\"true\"><\/div><div class=\"forminator-row\"><div id=\"name-1\" class=\"forminator-field-name forminator-col forminator-col-12 \"><div class=\"forminator-field\"><label for=\"forminator-field-name-1_69da1d6026cfe\" id=\"forminator-field-name-1_69da1d6026cfe-label\" class=\"forminator-label\">Ihr Name <span class=\"forminator-required\">*<\/span><\/label><input type=\"text\" name=\"name-1\" value=\"\" placeholder=\"\" id=\"forminator-field-name-1_69da1d6026cfe\" class=\"forminator-input forminator-name--field\" aria-required=\"true\" autocomplete=\"name\" \/><\/div><\/div><\/div><div class=\"forminator-row\"><div id=\"email-1\" class=\"forminator-field-email forminator-col forminator-col-12 \"><div class=\"forminator-field\"><label for=\"forminator-field-email-1_69da1d6026cfe\" id=\"forminator-field-email-1_69da1d6026cfe-label\" class=\"forminator-label\">Ihre E-Mail <span class=\"forminator-required\">*<\/span><\/label><input type=\"email\" name=\"email-1\" value=\"\" placeholder=\"\" id=\"forminator-field-email-1_69da1d6026cfe\" class=\"forminator-input forminator-email--field\" data-required=\"true\" aria-required=\"true\" autocomplete=\"email\" \/><\/div><\/div><\/div><div class=\"forminator-row\"><div id=\"phone-1\" class=\"forminator-field-phone forminator-col forminator-col-4 \"><div class=\"forminator-field\"><label for=\"forminator-field-phone-1_69da1d6026cfe\" id=\"forminator-field-phone-1_69da1d6026cfe-label\" class=\"forminator-label\">Fahrgestellnummer <span class=\"forminator-required\">*<\/span><\/label><input type=\"text\" name=\"phone-1\" value=\"\" placeholder=\"\" id=\"forminator-field-phone-1_69da1d6026cfe\" class=\"forminator-input forminator-field--phone\" data-required=\"1\" aria-required=\"true\" autocomplete=\"off\" \/><\/div><\/div><div id=\"radio-1\" class=\"forminator-field-radio forminator-col forminator-col-4 \"><div role=\"radiogroup\" class=\"forminator-field\" aria-labelledby=\"forminator-radiogroup-radio-1-69da1d6026cfe-label\"><span id=\"forminator-radiogroup-radio-1-69da1d6026cfe-label\" class=\"forminator-label\">Marke<\/span><label id=\"forminator-field-radio-1-label-1\" for=\"forminator-field-radio-1-1-69da1d6026cfe\" class=\"forminator-radio\" title=\"Weinsberg\"><input type=\"radio\" name=\"radio-1\" value=\"one\" id=\"forminator-field-radio-1-1-69da1d6026cfe\" aria-labelledby=\"forminator-field-radio-1-label-1\" data-calculation=\"0\"   data-hidden-behavior=\"zero\"\/><span class=\"forminator-radio-bullet\" aria-hidden=\"true\"><\/span><span class=\"forminator-radio-label\">Weinsberg<\/span><\/label><label id=\"forminator-field-radio-1-label-2\" for=\"forminator-field-radio-1-2-69da1d6026cfe\" class=\"forminator-radio\" title=\"Knaus\"><input type=\"radio\" name=\"radio-1\" value=\"two\" id=\"forminator-field-radio-1-2-69da1d6026cfe\" aria-labelledby=\"forminator-field-radio-1-label-2\" data-calculation=\"0\"   data-hidden-behavior=\"zero\"\/><span class=\"forminator-radio-bullet\" aria-hidden=\"true\"><\/span><span class=\"forminator-radio-label\">Knaus<\/span><\/label><\/div><\/div><div id=\"upload-1\" class=\"forminator-field-upload forminator-col forminator-col-4 \"><div class=\"forminator-field\"><label for=\"forminator-field-upload-1_69da1d6026cfe\" id=\"forminator-field-upload-1_69da1d6026cfe-label\" class=\"forminator-label\">Foto anh\u00e4ngen<\/label><div class=\"forminator-file-upload \" data-element=\"upload-1_69da1d6026cfe\"><input type=\"file\" name=\"upload-1\" id=\"forminator-field-upload-1_69da1d6026cfe\" class=\"forminator-input-file\" accept=\".avif,.heif,.heics,.heifs,.svgz,.json,.jpg,.jpeg,.jpe,.png\" tabindex=\"-1\"><button id=\"forminator-field-upload-1_69da1d6026cfe_button\" class=\"forminator-button forminator-button-upload\" data-id=\"forminator-field-upload-1_69da1d6026cfe\">Choose File<\/button><span data-empty-text=\"No file chosen\">No file chosen<\/span><button class=\"forminator-button-delete\" style=\"display: none;\"><i class=\"forminator-icon-close\" aria-hidden=\"true\"><\/i><span class=\"forminator-screen-reader-only\">Delete uploaded file<\/span><\/button><\/div><\/div><\/div><\/div><div class=\"forminator-row\"><div id=\"textarea-1\" class=\"forminator-field-textarea forminator-col forminator-col-12 \"><div class=\"forminator-field\"><label for=\"forminator-field-textarea-1_69da1d6026cfe\" id=\"forminator-field-textarea-1_69da1d6026cfe-label\" class=\"forminator-label\">Nachricht <span class=\"forminator-required\">*<\/span><\/label><span id=\"forminator-field-textarea-1_69da1d6026cfe-description\" class=\"forminator-description\"><span data-limit=\"180\" data-type=\"characters\" data-editor=\"\">0 \/ 180<\/span><\/span><textarea name=\"textarea-1\" placeholder=\"\" id=\"forminator-field-textarea-1_69da1d6026cfe\" class=\"forminator-textarea\" rows=\"6\" style=\"min-height:140px;\" maxlength=\"180\" ><\/textarea><\/div><\/div><\/div><input type=\"hidden\" name=\"referer_url\" value=\"\" \/><div class=\"forminator-row forminator-row-last\"><div class=\"forminator-col\"><div class=\"forminator-field\"><button class=\"forminator-button forminator-button-submit\">Einreichen<\/button><\/div><\/div><\/div><input type=\"hidden\" id=\"forminator_nonce\" name=\"forminator_nonce\" value=\"2c6615ddb8\" \/><input type=\"hidden\" name=\"_wp_http_referer\" value=\"\/index.php?rest_route=%2Fwp%2Fv2%2Fpages%2F201\" \/><input type=\"hidden\" name=\"form_id\" value=\"294\"><input type=\"hidden\" name=\"page_id\" value=\"201\"><input type=\"hidden\" name=\"form_type\" value=\"default\"><input type=\"hidden\" name=\"current_url\" value=\"https:\/\/henca-caravan.de\/?page_id=201\"><input type=\"hidden\" name=\"render_id\" value=\"0\"><input type=\"hidden\" name=\"action\" value=\"forminator_submit_form_custom-forms\"><\/form><\/div>\n\t\t\t\t\t\t<\/div>\n\t\t\t\t\t<\/div>\n\t\t<\/div>\n\t\t\t\t\t<\/div>\n\t\t<\/section>\n\t\t\t\t<\/div>\n\t\t","protected":false},"excerpt":{"rendered":"<p>Sie m\u00f6chten oder m\u00fcssen etwas austauschen und ben\u00f6tigen daf\u00fcr ein Original-Ersatzteil. Kein Problem, bitte f\u00fcllen Sie die unten stehenden Felder [&hellip;]<\/p>\n","protected":false},"author":1,"featured_media":0,"parent":0,"menu_order":0,"comment_status":"closed","ping_status":"closed","template":"","meta":{"site-sidebar-layout":"no-sidebar","site-content-layout":"","ast-site-content-layout":"full-width-container","site-content-style":"default","site-sidebar-style":"default","ast-global-header-display":"","ast-banner-title-visibility":"","ast-main-header-display":"","ast-hfb-above-header-display":"","ast-hfb-below-header-display":"","ast-hfb-mobile-header-display":"","site-post-title":"disabled","ast-breadcrumbs-content":"","ast-featured-img":"disabled","footer-sml-layout":"","ast-disable-related-posts":"","theme-transparent-header-meta":"","adv-header-id-meta":"","stick-header-meta":"","header-above-stick-meta":"","header-main-stick-meta":"","header-below-stick-meta":"","astra-migrate-meta-layouts":"default","ast-page-background-enabled":"default","ast-page-background-meta":{"desktop":{"background-color":"var(--ast-global-color-5)","background-image":"","background-repeat":"repeat","background-position":"center center","background-size":"auto","background-attachment":"scroll","background-type":"","background-media":"","overlay-type":"","overlay-color":"","overlay-opacity":"","overlay-gradient":""},"tablet":{"background-color":"","background-image":"","background-repeat":"repeat","background-position":"center center","background-size":"auto","background-attachment":"scroll","background-type":"","background-media":"","overlay-type":"","overlay-color":"","overlay-opacity":"","overlay-gradient":""},"mobile":{"background-color":"","background-image":"","background-repeat":"repeat","background-position":"center center","background-size":"auto","background-attachment":"scroll","background-type":"","background-media":"","overlay-type":"","overlay-color":"","overlay-opacity":"","overlay-gradient":""}},"ast-content-background-meta":{"desktop":{"background-color":"var(--ast-global-color-4)","background-image":"","background-repeat":"repeat","background-position":"center center","background-size":"auto","background-attachment":"scroll","background-type":"","background-media":"","overlay-type":"","overlay-color":"","overlay-opacity":"","overlay-gradient":""},"tablet":{"background-color":"var(--ast-global-color-4)","background-image":"","background-repeat":"repeat","background-position":"center center","background-size":"auto","background-attachment":"scroll","background-type":"","background-media":"","overlay-type":"","overlay-color":"","overlay-opacity":"","overlay-gradient":""},"mobile":{"background-color":"var(--ast-global-color-4)","background-image":"","background-repeat":"repeat","background-position":"center center","background-size":"auto","background-attachment":"scroll","background-type":"","background-media":"","overlay-type":"","overlay-color":"","overlay-opacity":"","overlay-gradient":""}},"footnotes":""},"class_list":["post-201","page","type-page","status-publish","hentry"],"yoast_head":"<!-- This site is optimized with the Yoast SEO plugin v27.3 - https:\/\/yoast.com\/product\/yoast-seo-wordpress\/ -->\n<title>ERSATZTAILE - Henca Caravan de<\/title>\n<meta name=\"robots\" content=\"index, follow, max-snippet:-1, max-image-preview:large, max-video-preview:-1\" \/>\n<link rel=\"canonical\" href=\"https:\/\/henca-caravan.de\/?page_id=201\" \/>\n<meta property=\"og:locale\" content=\"en_GB\" \/>\n<meta property=\"og:type\" content=\"article\" \/>\n<meta property=\"og:title\" content=\"ERSATZTAILE - Henca Caravan de\" \/>\n<meta property=\"og:description\" content=\"Sie m\u00f6chten oder m\u00fcssen etwas austauschen und ben\u00f6tigen daf\u00fcr ein Original-Ersatzteil. Kein Problem, bitte f\u00fcllen Sie die unten stehenden Felder [&hellip;]\" \/>\n<meta property=\"og:url\" content=\"https:\/\/henca-caravan.de\/?page_id=201\" \/>\n<meta property=\"og:site_name\" content=\"Henca Caravan de\" \/>\n<meta property=\"article:modified_time\" content=\"2025-07-28T09:58:29+00:00\" \/>\n<meta property=\"og:image\" content=\"https:\/\/henca-caravan.de\/wp-content\/uploads\/2025\/07\/Asset-3-1.svg\" \/>\n<meta name=\"twitter:card\" content=\"summary_large_image\" \/>\n<script type=\"application\/ld+json\" class=\"yoast-schema-graph\">{\"@context\":\"https:\\\/\\\/schema.org\",\"@graph\":[{\"@type\":\"WebPage\",\"@id\":\"https:\\\/\\\/henca-caravan.de\\\/?page_id=201\",\"url\":\"https:\\\/\\\/henca-caravan.de\\\/?page_id=201\",\"name\":\"ERSATZTAILE - Henca Caravan de\",\"isPartOf\":{\"@id\":\"https:\\\/\\\/henca-caravan.de\\\/#website\"},\"primaryImageOfPage\":{\"@id\":\"https:\\\/\\\/henca-caravan.de\\\/?page_id=201#primaryimage\"},\"image\":{\"@id\":\"https:\\\/\\\/henca-caravan.de\\\/?page_id=201#primaryimage\"},\"thumbnailUrl\":\"https:\\\/\\\/henca-caravan.de\\\/wp-content\\\/uploads\\\/2025\\\/07\\\/Asset-3-1.svg\",\"datePublished\":\"2025-07-16T18:44:07+00:00\",\"dateModified\":\"2025-07-28T09:58:29+00:00\",\"breadcrumb\":{\"@id\":\"https:\\\/\\\/henca-caravan.de\\\/?page_id=201#breadcrumb\"},\"inLanguage\":\"en-GB\",\"potentialAction\":[{\"@type\":\"ReadAction\",\"target\":[\"https:\\\/\\\/henca-caravan.de\\\/?page_id=201\"]}]},{\"@type\":\"ImageObject\",\"inLanguage\":\"en-GB\",\"@id\":\"https:\\\/\\\/henca-caravan.de\\\/?page_id=201#primaryimage\",\"url\":\"https:\\\/\\\/henca-caravan.de\\\/wp-content\\\/uploads\\\/2025\\\/07\\\/Asset-3-1.svg\",\"contentUrl\":\"https:\\\/\\\/henca-caravan.de\\\/wp-content\\\/uploads\\\/2025\\\/07\\\/Asset-3-1.svg\",\"width\":1200,\"height\":573},{\"@type\":\"BreadcrumbList\",\"@id\":\"https:\\\/\\\/henca-caravan.de\\\/?page_id=201#breadcrumb\",\"itemListElement\":[{\"@type\":\"ListItem\",\"position\":1,\"name\":\"Home\",\"item\":\"https:\\\/\\\/henca-caravan.de\\\/\"},{\"@type\":\"ListItem\",\"position\":2,\"name\":\"ERSATZTAILE\"}]},{\"@type\":\"WebSite\",\"@id\":\"https:\\\/\\\/henca-caravan.de\\\/#website\",\"url\":\"https:\\\/\\\/henca-caravan.de\\\/\",\"name\":\"Henca GmbH\",\"description\":\"\",\"publisher\":{\"@id\":\"https:\\\/\\\/henca-caravan.de\\\/#organization\"},\"potentialAction\":[{\"@type\":\"SearchAction\",\"target\":{\"@type\":\"EntryPoint\",\"urlTemplate\":\"https:\\\/\\\/henca-caravan.de\\\/?s={search_term_string}\"},\"query-input\":{\"@type\":\"PropertyValueSpecification\",\"valueRequired\":true,\"valueName\":\"search_term_string\"}}],\"inLanguage\":\"en-GB\"},{\"@type\":\"Organization\",\"@id\":\"https:\\\/\\\/henca-caravan.de\\\/#organization\",\"name\":\"Henca GmbH\",\"alternateName\":\"Henca Caravan\",\"url\":\"https:\\\/\\\/henca-caravan.de\\\/\",\"logo\":{\"@type\":\"ImageObject\",\"inLanguage\":\"en-GB\",\"@id\":\"https:\\\/\\\/henca-caravan.de\\\/#\\\/schema\\\/logo\\\/image\\\/\",\"url\":\"https:\\\/\\\/henca-caravan.de\\\/wp-content\\\/uploads\\\/2025\\\/08\\\/Ikon-Orange.png\",\"contentUrl\":\"https:\\\/\\\/henca-caravan.de\\\/wp-content\\\/uploads\\\/2025\\\/08\\\/Ikon-Orange.png\",\"width\":1200,\"height\":1200,\"caption\":\"Henca GmbH\"},\"image\":{\"@id\":\"https:\\\/\\\/henca-caravan.de\\\/#\\\/schema\\\/logo\\\/image\\\/\"}}]}<\/script>\n<!-- \/ Yoast SEO plugin. -->","yoast_head_json":{"title":"ERSATZTAILE - Henca Caravan de","robots":{"index":"index","follow":"follow","max-snippet":"max-snippet:-1","max-image-preview":"max-image-preview:large","max-video-preview":"max-video-preview:-1"},"canonical":"https:\/\/henca-caravan.de\/?page_id=201","og_locale":"en_GB","og_type":"article","og_title":"ERSATZTAILE - Henca Caravan de","og_description":"Sie m\u00f6chten oder m\u00fcssen etwas austauschen und ben\u00f6tigen daf\u00fcr ein Original-Ersatzteil. Kein Problem, bitte f\u00fcllen Sie die unten stehenden Felder [&hellip;]","og_url":"https:\/\/henca-caravan.de\/?page_id=201","og_site_name":"Henca Caravan de","article_modified_time":"2025-07-28T09:58:29+00:00","og_image":[{"url":"https:\/\/henca-caravan.de\/wp-content\/uploads\/2025\/07\/Asset-3-1.svg","type":"","width":"","height":""}],"twitter_card":"summary_large_image","schema":{"@context":"https:\/\/schema.org","@graph":[{"@type":"WebPage","@id":"https:\/\/henca-caravan.de\/?page_id=201","url":"https:\/\/henca-caravan.de\/?page_id=201","name":"ERSATZTAILE - Henca Caravan de","isPartOf":{"@id":"https:\/\/henca-caravan.de\/#website"},"primaryImageOfPage":{"@id":"https:\/\/henca-caravan.de\/?page_id=201#primaryimage"},"image":{"@id":"https:\/\/henca-caravan.de\/?page_id=201#primaryimage"},"thumbnailUrl":"https:\/\/henca-caravan.de\/wp-content\/uploads\/2025\/07\/Asset-3-1.svg","datePublished":"2025-07-16T18:44:07+00:00","dateModified":"2025-07-28T09:58:29+00:00","breadcrumb":{"@id":"https:\/\/henca-caravan.de\/?page_id=201#breadcrumb"},"inLanguage":"en-GB","potentialAction":[{"@type":"ReadAction","target":["https:\/\/henca-caravan.de\/?page_id=201"]}]},{"@type":"ImageObject","inLanguage":"en-GB","@id":"https:\/\/henca-caravan.de\/?page_id=201#primaryimage","url":"https:\/\/henca-caravan.de\/wp-content\/uploads\/2025\/07\/Asset-3-1.svg","contentUrl":"https:\/\/henca-caravan.de\/wp-content\/uploads\/2025\/07\/Asset-3-1.svg","width":1200,"height":573},{"@type":"BreadcrumbList","@id":"https:\/\/henca-caravan.de\/?page_id=201#breadcrumb","itemListElement":[{"@type":"ListItem","position":1,"name":"Home","item":"https:\/\/henca-caravan.de\/"},{"@type":"ListItem","position":2,"name":"ERSATZTAILE"}]},{"@type":"WebSite","@id":"https:\/\/henca-caravan.de\/#website","url":"https:\/\/henca-caravan.de\/","name":"Henca GmbH","description":"","publisher":{"@id":"https:\/\/henca-caravan.de\/#organization"},"potentialAction":[{"@type":"SearchAction","target":{"@type":"EntryPoint","urlTemplate":"https:\/\/henca-caravan.de\/?s={search_term_string}"},"query-input":{"@type":"PropertyValueSpecification","valueRequired":true,"valueName":"search_term_string"}}],"inLanguage":"en-GB"},{"@type":"Organization","@id":"https:\/\/henca-caravan.de\/#organization","name":"Henca GmbH","alternateName":"Henca Caravan","url":"https:\/\/henca-caravan.de\/","logo":{"@type":"ImageObject","inLanguage":"en-GB","@id":"https:\/\/henca-caravan.de\/#\/schema\/logo\/image\/","url":"https:\/\/henca-caravan.de\/wp-content\/uploads\/2025\/08\/Ikon-Orange.png","contentUrl":"https:\/\/henca-caravan.de\/wp-content\/uploads\/2025\/08\/Ikon-Orange.png","width":1200,"height":1200,"caption":"Henca GmbH"},"image":{"@id":"https:\/\/henca-caravan.de\/#\/schema\/logo\/image\/"}}]}},"_links":{"self":[{"href":"https:\/\/henca-caravan.de\/index.php?rest_route=\/wp\/v2\/pages\/201","targetHints":{"allow":["GET"]}}],"collection":[{"href":"https:\/\/henca-caravan.de\/index.php?rest_route=\/wp\/v2\/pages"}],"about":[{"href":"https:\/\/henca-caravan.de\/index.php?rest_route=\/wp\/v2\/types\/page"}],"author":[{"embeddable":true,"href":"https:\/\/henca-caravan.de\/index.php?rest_route=\/wp\/v2\/users\/1"}],"replies":[{"embeddable":true,"href":"https:\/\/henca-caravan.de\/index.php?rest_route=%2Fwp%2Fv2%2Fcomments&post=201"}],"version-history":[{"count":20,"href":"https:\/\/henca-caravan.de\/index.php?rest_route=\/wp\/v2\/pages\/201\/revisions"}],"predecessor-version":[{"id":577,"href":"https:\/\/henca-caravan.de\/index.php?rest_route=\/wp\/v2\/pages\/201\/revisions\/577"}],"wp:attachment":[{"href":"https:\/\/henca-caravan.de\/index.php?rest_route=%2Fwp%2Fv2%2Fmedia&parent=201"}],"curies":[{"name":"wp","href":"https:\/\/api.w.org\/{rel}","templated":true}]}}